{"id":2100,"date":"2021-03-19T06:59:03","date_gmt":"2021-03-19T06:59:03","guid":{"rendered":"http:\/\/localhost\/nuss\/?page_id=14"},"modified":"2025-04-09T13:25:13","modified_gmt":"2025-04-09T13:25:13","slug":"contacto","status":"publish","type":"page","link":"https:\/\/fratelli-aparthoteles.com\/fratelli-apart\/contacto\/","title":{"rendered":"Contacto"},"content":{"rendered":"\t\t<div data-elementor-type=\"wp-page\" data-elementor-id=\"2100\" class=\"elementor elementor-2100\">\n\t\t\t\t\t\t<section class=\"elementor-section elementor-top-section elementor-element elementor-element-870f456 elementor-section-boxed elementor-section-height-default elementor-section-height-default elementor-section-column-vertical-align-stretch\" data-id=\"870f456\" data-element_type=\"section\">\n\t\t\t\t\t\t<div class=\"elementor-container elementor-column-gap-no\">\n\t\t\t\t\t<div class=\"elementor-column elementor-col-100 elementor-top-column elementor-element elementor-element-e6495f0\" data-id=\"e6495f0\" data-element_type=\"column\">\n\t\t\t<div class=\"elementor-widget-wrap elementor-element-populated\">\n\t\t\t\t\t\t<div class=\"elementor-element elementor-element-5055c26 elementor-widget__width-initial elementor-invisible elementor-widget elementor-widget-text-editor\" data-id=\"5055c26\" data-element_type=\"widget\" data-settings=\"{&quot;_animation&quot;:&quot;nussFadeInUp&quot;}\" data-widget_type=\"text-editor.default\">\n\t\t\t\t<div class=\"elementor-widget-container\">\n\t\t\t\t\t\t\t\t\t<p>\u00bfNecesita m\u00e1s asistencia? No dude en contactarnos<\/p>\t\t\t\t\t\t\t\t<\/div>\n\t\t\t\t<\/div>\n\t\t\t\t<div class=\"elementor-element elementor-element-7373379 elementor-invisible elementor-widget elementor-widget-text-editor\" data-id=\"7373379\" data-element_type=\"widget\" data-settings=\"{&quot;_animation&quot;:&quot;nussFadeInUp&quot;}\" data-widget_type=\"text-editor.default\">\n\t\t\t\t<div class=\"elementor-widget-container\">\n\t\t\t\t\t\t\t\t\t<p>Tel: +591 65167300<\/p>\t\t\t\t\t\t\t\t<\/div>\n\t\t\t\t<\/div>\n\t\t\t\t<div class=\"elementor-element elementor-element-97599aa elementor-invisible elementor-widget elementor-widget-text-editor\" data-id=\"97599aa\" data-element_type=\"widget\" data-settings=\"{&quot;_animation&quot;:&quot;nussFadeInUp&quot;}\" data-widget_type=\"text-editor.default\">\n\t\t\t\t<div class=\"elementor-widget-container\">\n\t\t\t\t\t\t\t\t\t<p>Email: <a href=\"mailto:fratelli@fratelli-aparthoteles.com\">fratelli@fratelli-aparthoteles.com<\/a><\/p>\t\t\t\t\t\t\t\t<\/div>\n\t\t\t\t<\/div>\n\t\t\t\t<div class=\"elementor-element elementor-element-8cc73b2 elementor-widget__width-initial elementor-invisible elementor-widget elementor-widget-heading\" data-id=\"8cc73b2\" data-element_type=\"widget\" data-settings=\"{&quot;_animation&quot;:&quot;nussFadeInUp&quot;}\" data-widget_type=\"heading.default\">\n\t\t\t\t<div class=\"elementor-widget-container\">\n\t\t\t\t\t<h3 class=\"elementor-heading-title elementor-size-default\">Ubicaci\u00f3n<\/h3>\t\t\t\t<\/div>\n\t\t\t\t<\/div>\n\t\t\t\t<div class=\"elementor-element elementor-element-809804d elementor-widget__width-initial elementor-invisible nuss-elementor-loading nuss-slide-in-up elementor-widget elementor-widget-google_maps\" data-id=\"809804d\" data-element_type=\"widget\" data-settings=\"{&quot;_animation&quot;:&quot;nussSlideInUp&quot;}\" data-widget_type=\"google_maps.default\">\n\t\t\t\t<div class=\"elementor-widget-container\">\n\t\t\t\t\t\t\t<div class=\"elementor-custom-embed\">\n\t\t\t<iframe loading=\"lazy\"\n\t\t\t\t\tsrc=\"https:\/\/maps.google.com\/maps?q=Fratelli%20apart%20hotel%20&#038;t=m&#038;z=17&#038;output=embed&#038;iwloc=near\"\n\t\t\t\t\ttitle=\"Fratelli apart hotel \"\n\t\t\t\t\taria-label=\"Fratelli apart hotel \"\n\t\t\t><\/iframe>\n\t\t<\/div>\n\t\t\t\t\t\t<\/div>\n\t\t\t\t<\/div>\n\t\t\t\t<div class=\"elementor-element elementor-element-d85188e elementor-widget__width-initial elementor-invisible elementor-widget elementor-widget-text-editor\" data-id=\"d85188e\" data-element_type=\"widget\" data-settings=\"{&quot;_animation&quot;:&quot;nussFadeInUp&quot;}\" data-widget_type=\"text-editor.default\">\n\t\t\t\t<div class=\"elementor-widget-container\">\n\t\t\t\t\t\t\t\t\t<p>Gabriel Ren\u00e9 Moreno 1080 &#8211; San Miguel, La Paz, Bolivia<\/p>\t\t\t\t\t\t\t\t<\/div>\n\t\t\t\t<\/div>\n\t\t\t\t\t<\/div>\n\t\t<\/div>\n\t\t\t\t\t<\/div>\n\t\t<\/section>\n\t\t\t\t<\/div>\n\t\t","protected":false},"excerpt":{"rendered":"<p>\u00bfNecesita m\u00e1s asistencia? No dude en contactarnos Tel: +591 65167300 Email: fratelli@fratelli-aparthoteles.com Ubicaci\u00f3n Gabriel Ren\u00e9 Moreno 1080 &#8211; San Miguel, La Paz, Bolivia<\/p>\n","protected":false},"author":2,"featured_media":0,"parent":0,"menu_order":0,"comment_status":"closed","ping_status":"closed","template":"","meta":{"footnotes":""},"class_list":["post-2100","page","type-page","status-publish","hentry","post-no-thumbnail"],"_links":{"self":[{"href":"https:\/\/fratelli-aparthoteles.com\/fratelli-apart\/wp-json\/wp\/v2\/pages\/2100","targetHints":{"allow":["GET"]}}],"collection":[{"href":"https:\/\/fratelli-aparthoteles.com\/fratelli-apart\/wp-json\/wp\/v2\/pages"}],"about":[{"href":"https:\/\/fratelli-aparthoteles.com\/fratelli-apart\/wp-json\/wp\/v2\/types\/page"}],"author":[{"embeddable":true,"href":"https:\/\/fratelli-aparthoteles.com\/fratelli-apart\/wp-json\/wp\/v2\/users\/2"}],"replies":[{"embeddable":true,"href":"https:\/\/fratelli-aparthoteles.com\/fratelli-apart\/wp-json\/wp\/v2\/comments?post=2100"}],"version-history":[{"count":7,"href":"https:\/\/fratelli-aparthoteles.com\/fratelli-apart\/wp-json\/wp\/v2\/pages\/2100\/revisions"}],"predecessor-version":[{"id":5514,"href":"https:\/\/fratelli-aparthoteles.com\/fratelli-apart\/wp-json\/wp\/v2\/pages\/2100\/revisions\/5514"}],"wp:attachment":[{"href":"https:\/\/fratelli-aparthoteles.com\/fratelli-apart\/wp-json\/wp\/v2\/media?parent=2100"}],"curies":[{"name":"wp","href":"https:\/\/api.w.org\/{rel}","templated":true}]}}